{"id":11246,"date":"2023-09-27T15:47:36","date_gmt":"2023-09-27T15:47:36","guid":{"rendered":"https:\/\/sierra.keydesign.xyz\/digital-agency\/?page_id=11246"},"modified":"2026-03-31T20:28:25","modified_gmt":"2026-03-31T18:28:25","slug":"contact","status":"publish","type":"page","link":"https:\/\/misterconcierge.fr\/en\/contact\/","title":{"rendered":"Contact"},"content":{"rendered":"\t\t<div data-elementor-type=\"wp-page\" data-elementor-id=\"11246\" class=\"elementor elementor-11246\" data-elementor-post-type=\"page\">\n\t\t\t\t<div class=\"elementor-element elementor-element-13bacdd3 e-flex e-con-boxed e-con e-parent\" data-id=\"13bacdd3\" data-element_type=\"container\" data-e-type=\"container\">\n\t\t\t\t\t<div class=\"e-con-inner\">\n\t\t<div class=\"elementor-element elementor-element-4354fd9 e-con-full e-flex e-con e-child\" data-id=\"4354fd9\" data-element_type=\"container\" data-e-type=\"container\">\n\t\t\t\t<div class=\"elementor-element elementor-element-5d608050 elementor-widget elementor-widget-elementskit-heading\" data-id=\"5d608050\" data-element_type=\"widget\" data-e-type=\"widget\" data-settings=\"{&quot;ekit_we_effect_on&quot;:&quot;css&quot;}\" data-widget_type=\"elementskit-heading.default\">\n\t\t\t\t<div class=\"elementor-widget-container\">\n\t\t\t\t\t<div class=\"ekit-wid-con\" ><div class=\"ekit-heading elementskit-section-title-wraper text_center   ekit_heading_tablet-   ekit_heading_mobile-\">\t\t\t\t<div class='ekit-heading__description'>\n\t\t\t\t\t<p>Compl\u00e9tez le formulaire ci-dessous : l\u2019un de nos conseillers vous contactera dans les plus brefs d\u00e9lais pour un accompagnement personnalis\u00e9.<\/p>\n\t\t\t\t<\/div>\n\t\t\t<\/div><\/div>\t\t\t\t<\/div>\n\t\t\t\t<\/div>\n\t\t\t\t<\/div>\n\t\t\t\t\t<\/div>\n\t\t\t\t<\/div>\n\t\t<div class=\"elementor-element elementor-element-69c82333 e-flex e-con-boxed e-con e-parent\" data-id=\"69c82333\" data-element_type=\"container\" data-e-type=\"container\" data-settings=\"{&quot;background_background&quot;:&quot;classic&quot;}\">\n\t\t\t\t\t<div class=\"e-con-inner\">\n\t\t<div class=\"elementor-element elementor-element-5e14bdc2 e-con-full e-flex e-con e-child\" data-id=\"5e14bdc2\" data-element_type=\"container\" data-e-type=\"container\">\n\t\t<div class=\"elementor-element elementor-element-2c073c33 e-con-full animated-fast e-flex elementor-invisible e-con e-child\" data-id=\"2c073c33\" data-element_type=\"container\" data-e-type=\"container\" data-settings=\"{&quot;background_background&quot;:&quot;classic&quot;,&quot;animation&quot;:&quot;fadeInUp&quot;,&quot;animation_delay&quot;:100}\">\n\t\t<div class=\"elementor-element elementor-element-48dd844d e-con-full e-flex e-con e-child\" data-id=\"48dd844d\" data-element_type=\"container\" data-e-type=\"container\" data-settings=\"{&quot;background_background&quot;:&quot;classic&quot;}\">\n\t\t\t\t<div class=\"elementor-element elementor-element-ce62dc8 elementor-widget elementor-widget-image\" data-id=\"ce62dc8\" data-element_type=\"widget\" data-e-type=\"widget\" data-settings=\"{&quot;ekit_we_effect_on&quot;:&quot;none&quot;}\" data-widget_type=\"image.default\">\n\t\t\t\t<div class=\"elementor-widget-container\">\n\t\t\t\t\t\t\t\t\t\t\t\t\t\t\t<img fetchpriority=\"high\" decoding=\"async\" width=\"590\" height=\"760\" src=\"https:\/\/misterconcierge.fr\/wp-content\/uploads\/2025\/08\/MISTER-CONCIERGE_Contact-1.jpg\" class=\"attachment-full size-full wp-image-25345\" alt=\"\" srcset=\"https:\/\/misterconcierge.fr\/wp-content\/uploads\/2025\/08\/MISTER-CONCIERGE_Contact-1.jpg 590w, https:\/\/misterconcierge.fr\/wp-content\/uploads\/2025\/08\/MISTER-CONCIERGE_Contact-1-233x300.jpg 233w, https:\/\/misterconcierge.fr\/wp-content\/uploads\/2025\/08\/MISTER-CONCIERGE_Contact-1-9x12.jpg 9w\" sizes=\"(max-width: 590px) 100vw, 590px\" \/>\t\t\t\t\t\t\t\t\t\t\t\t\t\t\t<\/div>\n\t\t\t\t<\/div>\n\t\t\t\t<\/div>\n\t\t<div class=\"elementor-element elementor-element-40e290f e-con-full e-flex e-con e-child\" data-id=\"40e290f\" data-element_type=\"container\" data-e-type=\"container\" data-settings=\"{&quot;background_background&quot;:&quot;classic&quot;}\">\n\t\t\t\t<div class=\"elementor-element elementor-element-9378528 elementor-widget__width-initial elementor-button-align-stretch elementor-widget elementor-widget-form\" data-id=\"9378528\" data-element_type=\"widget\" data-e-type=\"widget\" data-settings=\"{&quot;step_next_label&quot;:&quot;Suivant&quot;,&quot;step_previous_label&quot;:&quot;Pr\\u00e9c\\u00e9dent&quot;,&quot;button_width&quot;:&quot;100&quot;,&quot;step_type&quot;:&quot;number_text&quot;,&quot;step_icon_shape&quot;:&quot;circle&quot;,&quot;ekit_we_effect_on&quot;:&quot;none&quot;}\" data-widget_type=\"form.default\">\n\t\t\t\t<div class=\"elementor-widget-container\">\n\t\t\t\t\t\t\t<form class=\"elementor-form\" method=\"post\" name=\"Contact\" aria-label=\"Contact\">\n\t\t\t<input type=\"hidden\" name=\"post_id\" value=\"11246\"\/>\n\t\t\t<input type=\"hidden\" name=\"form_id\" value=\"9378528\"\/>\n\t\t\t<input type=\"hidden\" name=\"referer_title\" value=\"Mister Concierge - Contact\" \/>\n\n\t\t\t\t\t\t\t<input type=\"hidden\" name=\"queried_id\" value=\"11246\"\/>\n\t\t\t\n\t\t\t<div class=\"elementor-form-fields-wrapper elementor-labels-above\">\n\t\t\t\t\t\t\t\t<div class=\"elementor-field-type-text elementor-field-group elementor-column elementor-field-group-name elementor-col-100 elementor-field-required elementor-mark-required\">\n\t\t\t\t\t\t\t\t\t\t\t\t<label for=\"form-field-name\" class=\"elementor-field-label\">\n\t\t\t\t\t\t\t\tNom\t\t\t\t\t\t\t<\/label>\n\t\t\t\t\t\t\t\t\t\t\t\t\t\t<input size=\"1\" type=\"text\" name=\"form_fields[name]\" id=\"form-field-name\" class=\"elementor-field elementor-size-md  elementor-field-textual\" placeholder=\"Votre nom\" required=\"required\">\n\t\t\t\t\t\t\t\t\t\t\t<\/div>\n\t\t\t\t\t\t\t\t<div class=\"elementor-field-type-text elementor-field-group elementor-column elementor-field-group-field_cedd2d3 elementor-col-100 elementor-field-required elementor-mark-required\">\n\t\t\t\t\t\t\t\t\t\t\t\t<label for=\"form-field-field_cedd2d3\" class=\"elementor-field-label\">\n\t\t\t\t\t\t\t\tPr\u00e9nom\t\t\t\t\t\t\t<\/label>\n\t\t\t\t\t\t\t\t\t\t\t\t\t\t<input size=\"1\" type=\"text\" name=\"form_fields[field_cedd2d3]\" id=\"form-field-field_cedd2d3\" class=\"elementor-field elementor-size-md  elementor-field-textual\" placeholder=\"Votre pr\u00e9nom\" required=\"required\">\n\t\t\t\t\t\t\t\t\t\t\t<\/div>\n\t\t\t\t\t\t\t\t<div class=\"elementor-field-type-email elementor-field-group elementor-column elementor-field-group-email elementor-col-100 elementor-field-required elementor-mark-required\">\n\t\t\t\t\t\t\t\t\t\t\t\t<label for=\"form-field-email\" class=\"elementor-field-label\">\n\t\t\t\t\t\t\t\tE-mail\t\t\t\t\t\t\t<\/label>\n\t\t\t\t\t\t\t\t\t\t\t\t\t\t<input size=\"1\" type=\"email\" name=\"form_fields[email]\" id=\"form-field-email\" class=\"elementor-field elementor-size-md  elementor-field-textual\" placeholder=\"Votre adresse email\" required=\"required\">\n\t\t\t\t\t\t\t\t\t\t\t<\/div>\n\t\t\t\t\t\t\t\t<div class=\"elementor-field-type-text elementor-field-group elementor-column elementor-field-group-field_fb9dac4 elementor-col-100 elementor-field-required elementor-mark-required\">\n\t\t\t\t\t\t\t\t\t\t\t\t<label for=\"form-field-field_fb9dac4\" class=\"elementor-field-label\">\n\t\t\t\t\t\t\t\tT\u00e9l\u00e9phone\t\t\t\t\t\t\t<\/label>\n\t\t\t\t\t\t\t\t\t\t\t\t\t\t<input size=\"1\" type=\"text\" name=\"form_fields[field_fb9dac4]\" id=\"form-field-field_fb9dac4\" class=\"elementor-field elementor-size-md  elementor-field-textual\" placeholder=\"Votre num\u00e9ro de t\u00e9l\u00e9phone\" required=\"required\">\n\t\t\t\t\t\t\t\t\t\t\t<\/div>\n\t\t\t\t\t\t\t\t<div class=\"elementor-field-type-select elementor-field-group elementor-column elementor-field-group-field_f2db115 elementor-col-100 elementor-field-required elementor-mark-required\">\n\t\t\t\t\t\t\t\t\t\t\t\t<label for=\"form-field-field_f2db115\" class=\"elementor-field-label\">\n\t\t\t\t\t\t\t\tRaison du contact\t\t\t\t\t\t\t<\/label>\n\t\t\t\t\t\t\t\t<div class=\"elementor-field elementor-select-wrapper remove-before \">\n\t\t\t<div class=\"select-caret-down-wrapper\">\n\t\t\t\t<i aria-hidden=\"true\" class=\"eicon-caret-down\"><\/i>\t\t\t<\/div>\n\t\t\t<select name=\"form_fields[field_f2db115]\" id=\"form-field-field_f2db115\" class=\"elementor-field-textual elementor-size-md\" required=\"required\">\n\t\t\t\t\t\t\t\t\t<option value=\"\u00catre rappel\u00e9\">\u00catre rappel\u00e9<\/option>\n\t\t\t\t\t\t\t<\/select>\n\t\t<\/div>\n\t\t\t\t\t\t<\/div>\n\t\t\t\t\t\t\t\t<div class=\"elementor-field-type-select elementor-field-group elementor-column elementor-field-group-field_a93798e elementor-col-100 elementor-field-required elementor-mark-required\">\n\t\t\t\t\t\t\t\t\t\t\t\t<label for=\"form-field-field_a93798e\" class=\"elementor-field-label\">\n\t\t\t\t\t\t\t\t\u00cates-vous propri\u00e9taire ou locataire ? \t\t\t\t\t\t\t<\/label>\n\t\t\t\t\t\t\t\t<div class=\"elementor-field elementor-select-wrapper remove-before \">\n\t\t\t<div class=\"select-caret-down-wrapper\">\n\t\t\t\t<i aria-hidden=\"true\" class=\"eicon-caret-down\"><\/i>\t\t\t<\/div>\n\t\t\t<select name=\"form_fields[field_a93798e]\" id=\"form-field-field_a93798e\" class=\"elementor-field-textual elementor-size-md\" required=\"required\">\n\t\t\t\t\t\t\t\t\t<option value=\"Propri\u00e9taire\">Propri\u00e9taire<\/option>\n\t\t\t\t\t\t\t\t\t<option value=\"Locataire\">Locataire<\/option>\n\t\t\t\t\t\t\t<\/select>\n\t\t<\/div>\n\t\t\t\t\t\t<\/div>\n\t\t\t\t\t\t\t\t<div class=\"elementor-field-type-textarea elementor-field-group elementor-column elementor-field-group-message elementor-col-100\">\n\t\t\t\t\t\t\t\t\t\t\t\t<label for=\"form-field-message\" class=\"elementor-field-label\">\n\t\t\t\t\t\t\t\tMessage (facultatif)\t\t\t\t\t\t\t<\/label>\n\t\t\t\t\t\t<textarea class=\"elementor-field-textual elementor-field  elementor-size-md\" name=\"form_fields[message]\" id=\"form-field-message\" rows=\"20\" placeholder=\"Votre message\"><\/textarea>\t\t\t\t<\/div>\n\t\t\t\t\t\t\t\t<div class=\"elementor-field-group elementor-column elementor-field-type-submit elementor-col-100 e-form__buttons\">\n\t\t\t\t\t<button class=\"elementor-button elementor-size-sm\" type=\"submit\">\n\t\t\t\t\t\t<span class=\"elementor-button-content-wrapper\">\n\t\t\t\t\t\t\t\t\t\t\t\t\t\t\t\t\t\t\t\t\t\t<span class=\"elementor-button-text\">Envoyer<\/span>\n\t\t\t\t\t\t\t\t\t\t\t\t\t<\/span>\n\t\t\t\t\t<\/button>\n\t\t\t\t<\/div>\n\t\t\t<\/div>\n\t\t<\/form>\n\t\t\t\t\t\t<\/div>\n\t\t\t\t<\/div>\n\t\t\t\t<\/div>\n\t\t\t\t<\/div>\n\t\t\t\t<\/div>\n\t\t\t\t\t<\/div>\n\t\t\t\t<\/div>\n\t\t<div class=\"elementor-element elementor-element-ca89f96 e-flex e-con-boxed e-con e-parent\" data-id=\"ca89f96\" data-element_type=\"container\" data-e-type=\"container\" data-settings=\"{&quot;background_background&quot;:&quot;gradient&quot;}\">\n\t\t\t\t\t<div class=\"e-con-inner\">\n\t\t<div class=\"elementor-element elementor-element-52206acb e-con-full e-flex e-con e-child\" data-id=\"52206acb\" data-element_type=\"container\" data-e-type=\"container\">\n\t\t<div class=\"elementor-element elementor-element-7154cb94 e-con-full animated-fast e-flex elementor-invisible e-con e-child\" data-id=\"7154cb94\" data-element_type=\"container\" data-e-type=\"container\" data-settings=\"{&quot;background_background&quot;:&quot;classic&quot;,&quot;animation_delay&quot;:100,&quot;animation&quot;:&quot;fadeInUp&quot;}\">\n\t\t<div class=\"elementor-element elementor-element-42f58a8f e-con-full e-flex e-con e-child\" data-id=\"42f58a8f\" data-element_type=\"container\" data-e-type=\"container\">\n\t\t<div class=\"elementor-element elementor-element-7d76bdac e-con-full e-flex e-con e-child\" data-id=\"7d76bdac\" data-element_type=\"container\" data-e-type=\"container\">\n\t\t\t\t<div class=\"elementor-element elementor-element-d4d1ba4 elementor-align-center elementor-icon-list--layout-traditional elementor-list-item-link-full_width elementor-widget elementor-widget-icon-list\" data-id=\"d4d1ba4\" data-element_type=\"widget\" data-e-type=\"widget\" data-settings=\"{&quot;ekit_we_effect_on&quot;:&quot;none&quot;}\" data-widget_type=\"icon-list.default\">\n\t\t\t\t<div class=\"elementor-widget-container\">\n\t\t\t\t\t\t\t<ul class=\"elementor-icon-list-items\">\n\t\t\t\t\t\t\t<li class=\"elementor-icon-list-item\">\n\t\t\t\t\t\t\t\t\t\t\t<a href=\"tel:+33%20(0)1%2084%2076%2004%2041\">\n\n\t\t\t\t\t\t\t\t\t\t\t\t<span class=\"elementor-icon-list-icon\">\n\t\t\t\t\t\t\t<i aria-hidden=\"true\" class=\"icon icon-phone1\"><\/i>\t\t\t\t\t\t<\/span>\n\t\t\t\t\t\t\t\t\t\t<span class=\"elementor-icon-list-text\">+33 (0)1 84 76 04 41<\/span>\n\t\t\t\t\t\t\t\t\t\t\t<\/a>\n\t\t\t\t\t\t\t\t\t<\/li>\n\t\t\t\t\t\t\t\t<li class=\"elementor-icon-list-item\">\n\t\t\t\t\t\t\t\t\t\t\t<a href=\"mailto:contact@misterconcierge.fr\">\n\n\t\t\t\t\t\t\t\t\t\t\t\t<span class=\"elementor-icon-list-icon\">\n\t\t\t\t\t\t\t<i aria-hidden=\"true\" class=\"icon icon-mail\"><\/i>\t\t\t\t\t\t<\/span>\n\t\t\t\t\t\t\t\t\t\t<span class=\"elementor-icon-list-text\">contact@misterconcierge.fr<\/span>\n\t\t\t\t\t\t\t\t\t\t\t<\/a>\n\t\t\t\t\t\t\t\t\t<\/li>\n\t\t\t\t\t\t<\/ul>\n\t\t\t\t\t\t<\/div>\n\t\t\t\t<\/div>\n\t\t\t\t<\/div>\n\t\t\t\t<\/div>\n\t\t\t\t<\/div>\n\t\t\t\t<\/div>\n\t\t\t\t\t<\/div>\n\t\t\t\t<\/div>\n\t\t\t\t<\/div>\n\t\t","protected":false},"excerpt":{"rendered":"<p>Compl\u00e9tez le formulaire ci-dessous : l\u2019un de nos conseillers vous contactera dans les plus brefs d\u00e9lais pour un accompagnement personnalis\u00e9. +33 (0)1 84 76 04 41 contact@misterconcierge.fr<\/p>","protected":false},"author":1,"featured_media":0,"parent":0,"menu_order":0,"comment_status":"closed","ping_status":"closed","template":"","meta":{"inline_featured_image":false,"footnotes":""},"class_list":["post-11246","page","type-page","status-publish","hentry"],"yoast_head":"<!-- This site is optimized with the Yoast SEO plugin v27.2 - https:\/\/yoast.com\/product\/yoast-seo-wordpress\/ -->\n<title>Mister Concierge - Contact<\/title>\n<meta name=\"description\" content=\"N&#039;h\u00e9sitez pas \u00e0 nous contacter notre \u00e9quipe d\u00e9di\u00e9e r\u00e9pondra \u00e0 vos demandes dans les plus brefs d\u00e9lais.\" \/>\n<meta name=\"robots\" content=\"index, follow, max-snippet:-1, max-image-preview:large, max-video-preview:-1\" \/>\n<link rel=\"canonical\" href=\"https:\/\/misterconcierge.fr\/en\/contact\/\" \/>\n<meta property=\"og:locale\" content=\"en_GB\" \/>\n<meta property=\"og:type\" content=\"article\" \/>\n<meta property=\"og:title\" content=\"Mister Concierge - Contact\" \/>\n<meta property=\"og:description\" content=\"N&#039;h\u00e9sitez pas \u00e0 nous contacter notre \u00e9quipe d\u00e9di\u00e9e r\u00e9pondra \u00e0 vos demandes dans les plus brefs d\u00e9lais.\" \/>\n<meta property=\"og:url\" content=\"https:\/\/misterconcierge.fr\/en\/contact\/\" \/>\n<meta property=\"og:site_name\" content=\"Mister Concierge\" \/>\n<meta property=\"article:modified_time\" content=\"2026-03-31T18:28:25+00:00\" \/>\n<meta property=\"og:image\" content=\"https:\/\/misterconcierge.fr\/wp-content\/uploads\/2025\/08\/MISTER-CONCIERGE_Contact-1.jpg\" \/>\n\t<meta property=\"og:image:width\" content=\"590\" \/>\n\t<meta property=\"og:image:height\" content=\"760\" \/>\n\t<meta property=\"og:image:type\" content=\"image\/jpeg\" \/>\n<meta name=\"twitter:card\" content=\"summary_large_image\" \/>\n<meta name=\"twitter:label1\" content=\"Estimated reading time\" \/>\n\t<meta name=\"twitter:data1\" content=\"1 minute\" \/>\n<script type=\"application\/ld+json\" class=\"yoast-schema-graph\">{\"@context\":\"https:\/\/schema.org\",\"@graph\":[{\"@type\":\"WebPage\",\"@id\":\"https:\/\/misterconcierge.fr\/contact\/\",\"url\":\"https:\/\/misterconcierge.fr\/contact\/\",\"name\":\"Mister Concierge - Contact\",\"isPartOf\":{\"@id\":\"https:\/\/misterconcierge.fr\/#website\"},\"primaryImageOfPage\":{\"@id\":\"https:\/\/misterconcierge.fr\/contact\/#primaryimage\"},\"image\":{\"@id\":\"https:\/\/misterconcierge.fr\/contact\/#primaryimage\"},\"thumbnailUrl\":\"https:\/\/misterconcierge.fr\/wp-content\/uploads\/2025\/08\/MISTER-CONCIERGE_Contact-1.jpg\",\"datePublished\":\"2023-09-27T15:47:36+00:00\",\"dateModified\":\"2026-03-31T18:28:25+00:00\",\"description\":\"N'h\u00e9sitez pas \u00e0 nous contacter notre \u00e9quipe d\u00e9di\u00e9e r\u00e9pondra \u00e0 vos demandes dans les plus brefs d\u00e9lais.\",\"breadcrumb\":{\"@id\":\"https:\/\/misterconcierge.fr\/contact\/#breadcrumb\"},\"inLanguage\":\"en-GB\",\"potentialAction\":[{\"@type\":\"ReadAction\",\"target\":[\"https:\/\/misterconcierge.fr\/contact\/\"]}]},{\"@type\":\"ImageObject\",\"inLanguage\":\"en-GB\",\"@id\":\"https:\/\/misterconcierge.fr\/contact\/#primaryimage\",\"url\":\"https:\/\/misterconcierge.fr\/wp-content\/uploads\/2025\/08\/MISTER-CONCIERGE_Contact-1.jpg\",\"contentUrl\":\"https:\/\/misterconcierge.fr\/wp-content\/uploads\/2025\/08\/MISTER-CONCIERGE_Contact-1.jpg\"},{\"@type\":\"BreadcrumbList\",\"@id\":\"https:\/\/misterconcierge.fr\/contact\/#breadcrumb\",\"itemListElement\":[{\"@type\":\"ListItem\",\"position\":1,\"name\":\"Accueil\",\"item\":\"https:\/\/misterconcierge.fr\/\"},{\"@type\":\"ListItem\",\"position\":2,\"name\":\"Contact\"}]},{\"@type\":\"WebSite\",\"@id\":\"https:\/\/misterconcierge.fr\/#website\",\"url\":\"https:\/\/misterconcierge.fr\/\",\"name\":\"Mister Concierge\",\"description\":\"Optimisez vos locations sans effort ! Mister Concierge g\u00e8re vos locations Airbnb.\",\"publisher\":{\"@id\":\"https:\/\/misterconcierge.fr\/#organization\"},\"potentialAction\":[{\"@type\":\"SearchAction\",\"target\":{\"@type\":\"EntryPoint\",\"urlTemplate\":\"https:\/\/misterconcierge.fr\/?s={search_term_string}\"},\"query-input\":{\"@type\":\"PropertyValueSpecification\",\"valueRequired\":true,\"valueName\":\"search_term_string\"}}],\"inLanguage\":\"en-GB\"},{\"@type\":\"Organization\",\"@id\":\"https:\/\/misterconcierge.fr\/#organization\",\"name\":\"Mister Concierge\",\"url\":\"https:\/\/misterconcierge.fr\/\",\"logo\":{\"@type\":\"ImageObject\",\"inLanguage\":\"en-GB\",\"@id\":\"https:\/\/misterconcierge.fr\/#\/schema\/logo\/image\/\",\"url\":\"https:\/\/misterconcierge.fr\/wp-content\/uploads\/2025\/08\/MISTER-CONCIERGE_Logo-vfinale_SP-Logo-sticky.svg\",\"contentUrl\":\"https:\/\/misterconcierge.fr\/wp-content\/uploads\/2025\/08\/MISTER-CONCIERGE_Logo-vfinale_SP-Logo-sticky.svg\",\"width\":400,\"height\":69,\"caption\":\"Mister Concierge\"},\"image\":{\"@id\":\"https:\/\/misterconcierge.fr\/#\/schema\/logo\/image\/\"}}]}<\/script>\n<!-- \/ Yoast SEO plugin. -->","yoast_head_json":{"title":"Mister Concierge - Contact","description":"N'h\u00e9sitez pas \u00e0 nous contacter notre \u00e9quipe d\u00e9di\u00e9e r\u00e9pondra \u00e0 vos demandes dans les plus brefs d\u00e9lais.","robots":{"index":"index","follow":"follow","max-snippet":"max-snippet:-1","max-image-preview":"max-image-preview:large","max-video-preview":"max-video-preview:-1"},"canonical":"https:\/\/misterconcierge.fr\/en\/contact\/","og_locale":"en_GB","og_type":"article","og_title":"Mister Concierge - Contact","og_description":"N'h\u00e9sitez pas \u00e0 nous contacter notre \u00e9quipe d\u00e9di\u00e9e r\u00e9pondra \u00e0 vos demandes dans les plus brefs d\u00e9lais.","og_url":"https:\/\/misterconcierge.fr\/en\/contact\/","og_site_name":"Mister Concierge","article_modified_time":"2026-03-31T18:28:25+00:00","og_image":[{"width":590,"height":760,"url":"https:\/\/misterconcierge.fr\/wp-content\/uploads\/2025\/08\/MISTER-CONCIERGE_Contact-1.jpg","type":"image\/jpeg"}],"twitter_card":"summary_large_image","twitter_misc":{"Estimated reading time":"1 minute"},"schema":{"@context":"https:\/\/schema.org","@graph":[{"@type":"WebPage","@id":"https:\/\/misterconcierge.fr\/contact\/","url":"https:\/\/misterconcierge.fr\/contact\/","name":"Mister Concierge - Contact","isPartOf":{"@id":"https:\/\/misterconcierge.fr\/#website"},"primaryImageOfPage":{"@id":"https:\/\/misterconcierge.fr\/contact\/#primaryimage"},"image":{"@id":"https:\/\/misterconcierge.fr\/contact\/#primaryimage"},"thumbnailUrl":"https:\/\/misterconcierge.fr\/wp-content\/uploads\/2025\/08\/MISTER-CONCIERGE_Contact-1.jpg","datePublished":"2023-09-27T15:47:36+00:00","dateModified":"2026-03-31T18:28:25+00:00","description":"N'h\u00e9sitez pas \u00e0 nous contacter notre \u00e9quipe d\u00e9di\u00e9e r\u00e9pondra \u00e0 vos demandes dans les plus brefs d\u00e9lais.","breadcrumb":{"@id":"https:\/\/misterconcierge.fr\/contact\/#breadcrumb"},"inLanguage":"en-GB","potentialAction":[{"@type":"ReadAction","target":["https:\/\/misterconcierge.fr\/contact\/"]}]},{"@type":"ImageObject","inLanguage":"en-GB","@id":"https:\/\/misterconcierge.fr\/contact\/#primaryimage","url":"https:\/\/misterconcierge.fr\/wp-content\/uploads\/2025\/08\/MISTER-CONCIERGE_Contact-1.jpg","contentUrl":"https:\/\/misterconcierge.fr\/wp-content\/uploads\/2025\/08\/MISTER-CONCIERGE_Contact-1.jpg"},{"@type":"BreadcrumbList","@id":"https:\/\/misterconcierge.fr\/contact\/#breadcrumb","itemListElement":[{"@type":"ListItem","position":1,"name":"Accueil","item":"https:\/\/misterconcierge.fr\/"},{"@type":"ListItem","position":2,"name":"Contact"}]},{"@type":"WebSite","@id":"https:\/\/misterconcierge.fr\/#website","url":"https:\/\/misterconcierge.fr\/","name":"Mister Concierge","description":"Optimisez vos locations sans effort ! Mister Concierge g\u00e8re vos locations Airbnb.","publisher":{"@id":"https:\/\/misterconcierge.fr\/#organization"},"potentialAction":[{"@type":"SearchAction","target":{"@type":"EntryPoint","urlTemplate":"https:\/\/misterconcierge.fr\/?s={search_term_string}"},"query-input":{"@type":"PropertyValueSpecification","valueRequired":true,"valueName":"search_term_string"}}],"inLanguage":"en-GB"},{"@type":"Organization","@id":"https:\/\/misterconcierge.fr\/#organization","name":"Mister Concierge","url":"https:\/\/misterconcierge.fr\/","logo":{"@type":"ImageObject","inLanguage":"en-GB","@id":"https:\/\/misterconcierge.fr\/#\/schema\/logo\/image\/","url":"https:\/\/misterconcierge.fr\/wp-content\/uploads\/2025\/08\/MISTER-CONCIERGE_Logo-vfinale_SP-Logo-sticky.svg","contentUrl":"https:\/\/misterconcierge.fr\/wp-content\/uploads\/2025\/08\/MISTER-CONCIERGE_Logo-vfinale_SP-Logo-sticky.svg","width":400,"height":69,"caption":"Mister Concierge"},"image":{"@id":"https:\/\/misterconcierge.fr\/#\/schema\/logo\/image\/"}}]}},"_links":{"self":[{"href":"https:\/\/misterconcierge.fr\/en\/wp-json\/wp\/v2\/pages\/11246","targetHints":{"allow":["GET"]}}],"collection":[{"href":"https:\/\/misterconcierge.fr\/en\/wp-json\/wp\/v2\/pages"}],"about":[{"href":"https:\/\/misterconcierge.fr\/en\/wp-json\/wp\/v2\/types\/page"}],"author":[{"embeddable":true,"href":"https:\/\/misterconcierge.fr\/en\/wp-json\/wp\/v2\/users\/1"}],"replies":[{"embeddable":true,"href":"https:\/\/misterconcierge.fr\/en\/wp-json\/wp\/v2\/comments?post=11246"}],"version-history":[{"count":30,"href":"https:\/\/misterconcierge.fr\/en\/wp-json\/wp\/v2\/pages\/11246\/revisions"}],"predecessor-version":[{"id":25575,"href":"https:\/\/misterconcierge.fr\/en\/wp-json\/wp\/v2\/pages\/11246\/revisions\/25575"}],"wp:attachment":[{"href":"https:\/\/misterconcierge.fr\/en\/wp-json\/wp\/v2\/media?parent=11246"}],"curies":[{"name":"wp","href":"https:\/\/api.w.org\/{rel}","templated":true}]}}